{"id":987506182,"date":"2022-12-29T22:09:01","date_gmt":"2022-12-29T21:09:01","guid":{"rendered":"https:\/\/nicole-knueppel.com\/mentions-legales\/"},"modified":"2022-12-29T22:09:01","modified_gmt":"2022-12-29T21:09:01","slug":"mentions-legales","status":"publish","type":"page","link":"https:\/\/nicole-knueppel.com\/fr\/mentions-legales\/","title":{"rendered":"Mentions l\u00e9gales"},"content":{"rendered":"<h2>Mentions l\u00e9gales<\/h2>\n<p>  Le responsable du traitement des donn\u00e9es sur ce site est : Nicole Kn\u00fcppel 2 chemin de la Bourdette 31480 Cox France T\u00e9l\u00e9phone : 0620018702 E-mail : info@nicole-knueppel.com SIREN : 913 056 651 Le responsable du traitement est la personne physique ou morale qui, seule ou conjointement avec d&rsquo;autres, d\u00e9termine les finalit\u00e9s et les moyens du traitement de donn\u00e9es \u00e0 caract\u00e8re personnel (par ex. noms, adresses e-mail ou autres).  <\/p>\n<h2>Responsabilit\u00e9 du contenu<\/h2>\n<p>  En tant que prestataire de services, nous sommes responsables, conform\u00e9ment au \u00a7 7 Abs.1<br \/>\nDDG, nous sommes responsables de nos propres contenus sur ces pages conform\u00e9ment aux lois g\u00e9n\u00e9rales.<br \/>\nConform\u00e9ment aux \u00a7\u00a7 8 \u00e0 10 de la DDG, nous ne sommes toutefois pas tenus, en tant que prestataire de services, de surveiller les informations externes transmises ou enregistr\u00e9es ou de rechercher les circonstances qui indiquent une activit\u00e9 ill\u00e9gale.<br \/>\nL&rsquo;obligation de supprimer ou de bloquer l&rsquo;utilisation d&rsquo;informations conform\u00e9ment aux lois g\u00e9n\u00e9rales reste inchang\u00e9e.<br \/>\nUne responsabilit\u00e9 \u00e0 cet \u00e9gard n&rsquo;est toutefois possible qu&rsquo;\u00e0 partir du moment o\u00f9 une violation concr\u00e8te de la loi est connue.<br \/>\nD\u00e8s la prise de connaissance d&rsquo;une telle violation, nous supprimerons imm\u00e9diatement le contenu en question.       <\/p>\n<h2>Responsabilit\u00e9 des liens<\/h2>\n<p>  Notre offre contient des liens vers des sites web externes de tiers, sur lesquels nous n&rsquo;avons aucune influence.<br \/>\nNous ne pouvons donc pas nous porter garants de ces contenus externes.<br \/>\nLe fournisseur ou l&rsquo;exploitant des pages li\u00e9es est toujours responsable du contenu de ces pages.<br \/>\nLes pages li\u00e9es ont \u00e9t\u00e9 v\u00e9rifi\u00e9es au moment de la cr\u00e9ation du lien afin de s&rsquo;assurer qu&rsquo;elles n&rsquo;enfreignaient pas la loi.<br \/>\nAucun contenu ill\u00e9gal n&rsquo;a \u00e9t\u00e9 identifi\u00e9 au moment de la cr\u00e9ation du lien.<br \/>\nUn contr\u00f4le permanent du contenu des pages li\u00e9es n&rsquo;est cependant pas exigible sans indices concrets d&rsquo;une violation de la loi.<br \/>\nSi nous prenons connaissance d&rsquo;une violation de la loi, nous supprimerons imm\u00e9diatement les liens concern\u00e9s.        <\/p>\n<h2>Droit d&rsquo;auteur<\/h2>\n<p>  Les contenus et \u0153uvres cr\u00e9\u00e9s par les exploitants de ces pages sont soumis au droit d&rsquo;auteur allemand.<br \/>\nLa reproduction, le traitement, la diffusion et tout type d&rsquo;exploitation en dehors des limites du droit d&rsquo;auteur n\u00e9cessitent l&rsquo;accord \u00e9crit de l&rsquo;auteur ou du cr\u00e9ateur concern\u00e9.<br \/>\nLes t\u00e9l\u00e9chargements et les copies de ce site ne sont autoris\u00e9s que pour un usage priv\u00e9 et non commercial.<br \/>\nDans la mesure o\u00f9 les contenus de ce site n&rsquo;ont pas \u00e9t\u00e9 cr\u00e9\u00e9s par l&rsquo;exploitant, les droits d&rsquo;auteur de tiers sont respect\u00e9s.<br \/>\nEn particulier, les contenus de tiers sont identifi\u00e9s comme tels.<br \/>\nSi vous deviez n\u00e9anmoins constater une violation des droits d&rsquo;auteur, nous vous prions de nous en informer.<br \/>\nD\u00e8s que nous aurons connaissance d&rsquo;une violation de la loi, nous retirerons imm\u00e9diatement le contenu en question.<br \/>\nSource : eRecht24       <\/p>\n","protected":false},"excerpt":{"rendered":"<p>Mentions l\u00e9gales Le responsable du traitement des donn\u00e9es sur ce site est : Nicole Kn\u00fcppel 2 chemin de la Bourdette 31480 Cox France T\u00e9l\u00e9phone : 0620018702 E-mail : info@nicole-knueppel.com SIREN : 913 056 651 Le responsable du traitement est la personne physique ou morale qui, seule ou conjointement avec d&rsquo;autres, d\u00e9termine les finalit\u00e9s et les [&hellip;]<\/p>\n","protected":false},"author":1,"featured_media":0,"parent":0,"menu_order":0,"comment_status":"closed","ping_status":"closed","template":"","meta":{"_et_pb_use_builder":"","_et_pb_old_content":"","_et_gb_content_width":"","iawp_total_views":2,"footnotes":""},"class_list":["post-987506182","page","type-page","status-publish","hentry"],"yoast_head":"<!-- This site is optimized with the Yoast SEO plugin v27.6 - https:\/\/yoast.com\/product\/yoast-seo-wordpress\/ -->\n<title>Mentions l\u00e9gales - Nicole Kn\u00fcppel<\/title>\n<meta name=\"robots\" content=\"noindex, nofollow\" \/>\n<meta property=\"og:locale\" content=\"fr_FR\" \/>\n<meta property=\"og:type\" content=\"article\" \/>\n<meta property=\"og:title\" content=\"Mentions l\u00e9gales - Nicole Kn\u00fcppel\" \/>\n<meta property=\"og:description\" content=\"Mentions l\u00e9gales Le responsable du traitement des donn\u00e9es sur ce site est : Nicole Kn\u00fcppel 2 chemin de la Bourdette 31480 Cox France T\u00e9l\u00e9phone : 0620018702 E-mail : info@nicole-knueppel.com SIREN : 913 056 651 Le responsable du traitement est la personne physique ou morale qui, seule ou conjointement avec d&rsquo;autres, d\u00e9termine les finalit\u00e9s et les [&hellip;]\" \/>\n<meta property=\"og:url\" content=\"https:\/\/nicole-knueppel.com\/fr\/mentions-legales\/\" \/>\n<meta property=\"og:site_name\" content=\"Nicole Kn\u00fcppel\" \/>\n<meta name=\"twitter:card\" content=\"summary_large_image\" \/>\n<meta name=\"twitter:label1\" content=\"Dur\u00e9e de lecture estim\u00e9e\" \/>\n\t<meta name=\"twitter:data1\" content=\"2 minutes\" \/>\n<script type=\"application\/ld+json\" class=\"yoast-schema-graph\">{\"@context\":\"https:\\\/\\\/schema.org\",\"@graph\":[{\"@type\":\"WebPage\",\"@id\":\"https:\\\/\\\/nicole-knueppel.com\\\/fr\\\/mentions-legales\\\/\",\"url\":\"https:\\\/\\\/nicole-knueppel.com\\\/fr\\\/mentions-legales\\\/\",\"name\":\"Mentions l\u00e9gales - Nicole Kn\u00fcppel\",\"isPartOf\":{\"@id\":\"https:\\\/\\\/nicole-knueppel.com\\\/fr\\\/#website\"},\"datePublished\":\"2022-12-29T21:09:01+00:00\",\"breadcrumb\":{\"@id\":\"https:\\\/\\\/nicole-knueppel.com\\\/fr\\\/mentions-legales\\\/#breadcrumb\"},\"inLanguage\":\"fr-FR\",\"potentialAction\":[{\"@type\":\"ReadAction\",\"target\":[\"https:\\\/\\\/nicole-knueppel.com\\\/fr\\\/mentions-legales\\\/\"]}]},{\"@type\":\"BreadcrumbList\",\"@id\":\"https:\\\/\\\/nicole-knueppel.com\\\/fr\\\/mentions-legales\\\/#breadcrumb\",\"itemListElement\":[{\"@type\":\"ListItem\",\"position\":1,\"name\":\"Startseite\",\"item\":\"https:\\\/\\\/nicole-knueppel.com\\\/fr\\\/page-daccueil\\\/\"},{\"@type\":\"ListItem\",\"position\":2,\"name\":\"Mentions l\u00e9gales\"}]},{\"@type\":\"WebSite\",\"@id\":\"https:\\\/\\\/nicole-knueppel.com\\\/fr\\\/#website\",\"url\":\"https:\\\/\\\/nicole-knueppel.com\\\/fr\\\/\",\"name\":\"Nicole Kn\u00fcppel\",\"description\":\"Websiteerstellung mit Wordpress\",\"publisher\":{\"@id\":\"https:\\\/\\\/nicole-knueppel.com\\\/fr\\\/#organization\"},\"potentialAction\":[{\"@type\":\"SearchAction\",\"target\":{\"@type\":\"EntryPoint\",\"urlTemplate\":\"https:\\\/\\\/nicole-knueppel.com\\\/fr\\\/?s={search_term_string}\"},\"query-input\":{\"@type\":\"PropertyValueSpecification\",\"valueRequired\":true,\"valueName\":\"search_term_string\"}}],\"inLanguage\":\"fr-FR\"},{\"@type\":\"Organization\",\"@id\":\"https:\\\/\\\/nicole-knueppel.com\\\/fr\\\/#organization\",\"name\":\"Nicole Kn\u00fcppel\",\"url\":\"https:\\\/\\\/nicole-knueppel.com\\\/fr\\\/\",\"logo\":{\"@type\":\"ImageObject\",\"inLanguage\":\"fr-FR\",\"@id\":\"https:\\\/\\\/nicole-knueppel.com\\\/fr\\\/#\\\/schema\\\/logo\\\/image\\\/\",\"url\":\"https:\\\/\\\/nicole-knueppel.com\\\/wp-content\\\/uploads\\\/2022\\\/12\\\/cropped-icon_nicoleknueppel.png\",\"contentUrl\":\"https:\\\/\\\/nicole-knueppel.com\\\/wp-content\\\/uploads\\\/2022\\\/12\\\/cropped-icon_nicoleknueppel.png\",\"width\":512,\"height\":512,\"caption\":\"Nicole Kn\u00fcppel\"},\"image\":{\"@id\":\"https:\\\/\\\/nicole-knueppel.com\\\/fr\\\/#\\\/schema\\\/logo\\\/image\\\/\"}}]}<\/script>\n<!-- \/ Yoast SEO plugin. -->","yoast_head_json":{"title":"Mentions l\u00e9gales - Nicole Kn\u00fcppel","robots":{"index":"noindex","follow":"nofollow"},"og_locale":"fr_FR","og_type":"article","og_title":"Mentions l\u00e9gales - Nicole Kn\u00fcppel","og_description":"Mentions l\u00e9gales Le responsable du traitement des donn\u00e9es sur ce site est : Nicole Kn\u00fcppel 2 chemin de la Bourdette 31480 Cox France T\u00e9l\u00e9phone : 0620018702 E-mail : info@nicole-knueppel.com SIREN : 913 056 651 Le responsable du traitement est la personne physique ou morale qui, seule ou conjointement avec d&rsquo;autres, d\u00e9termine les finalit\u00e9s et les [&hellip;]","og_url":"https:\/\/nicole-knueppel.com\/fr\/mentions-legales\/","og_site_name":"Nicole Kn\u00fcppel","twitter_card":"summary_large_image","twitter_misc":{"Dur\u00e9e de lecture estim\u00e9e":"2 minutes"},"schema":{"@context":"https:\/\/schema.org","@graph":[{"@type":"WebPage","@id":"https:\/\/nicole-knueppel.com\/fr\/mentions-legales\/","url":"https:\/\/nicole-knueppel.com\/fr\/mentions-legales\/","name":"Mentions l\u00e9gales - Nicole Kn\u00fcppel","isPartOf":{"@id":"https:\/\/nicole-knueppel.com\/fr\/#website"},"datePublished":"2022-12-29T21:09:01+00:00","breadcrumb":{"@id":"https:\/\/nicole-knueppel.com\/fr\/mentions-legales\/#breadcrumb"},"inLanguage":"fr-FR","potentialAction":[{"@type":"ReadAction","target":["https:\/\/nicole-knueppel.com\/fr\/mentions-legales\/"]}]},{"@type":"BreadcrumbList","@id":"https:\/\/nicole-knueppel.com\/fr\/mentions-legales\/#breadcrumb","itemListElement":[{"@type":"ListItem","position":1,"name":"Startseite","item":"https:\/\/nicole-knueppel.com\/fr\/page-daccueil\/"},{"@type":"ListItem","position":2,"name":"Mentions l\u00e9gales"}]},{"@type":"WebSite","@id":"https:\/\/nicole-knueppel.com\/fr\/#website","url":"https:\/\/nicole-knueppel.com\/fr\/","name":"Nicole Kn\u00fcppel","description":"Websiteerstellung mit Wordpress","publisher":{"@id":"https:\/\/nicole-knueppel.com\/fr\/#organization"},"potentialAction":[{"@type":"SearchAction","target":{"@type":"EntryPoint","urlTemplate":"https:\/\/nicole-knueppel.com\/fr\/?s={search_term_string}"},"query-input":{"@type":"PropertyValueSpecification","valueRequired":true,"valueName":"search_term_string"}}],"inLanguage":"fr-FR"},{"@type":"Organization","@id":"https:\/\/nicole-knueppel.com\/fr\/#organization","name":"Nicole Kn\u00fcppel","url":"https:\/\/nicole-knueppel.com\/fr\/","logo":{"@type":"ImageObject","inLanguage":"fr-FR","@id":"https:\/\/nicole-knueppel.com\/fr\/#\/schema\/logo\/image\/","url":"https:\/\/nicole-knueppel.com\/wp-content\/uploads\/2022\/12\/cropped-icon_nicoleknueppel.png","contentUrl":"https:\/\/nicole-knueppel.com\/wp-content\/uploads\/2022\/12\/cropped-icon_nicoleknueppel.png","width":512,"height":512,"caption":"Nicole Kn\u00fcppel"},"image":{"@id":"https:\/\/nicole-knueppel.com\/fr\/#\/schema\/logo\/image\/"}}]}},"_links":{"self":[{"href":"https:\/\/nicole-knueppel.com\/fr\/wp-json\/wp\/v2\/pages\/987506182","targetHints":{"allow":["GET"]}}],"collection":[{"href":"https:\/\/nicole-knueppel.com\/fr\/wp-json\/wp\/v2\/pages"}],"about":[{"href":"https:\/\/nicole-knueppel.com\/fr\/wp-json\/wp\/v2\/types\/page"}],"author":[{"embeddable":true,"href":"https:\/\/nicole-knueppel.com\/fr\/wp-json\/wp\/v2\/users\/1"}],"replies":[{"embeddable":true,"href":"https:\/\/nicole-knueppel.com\/fr\/wp-json\/wp\/v2\/comments?post=987506182"}],"version-history":[{"count":0,"href":"https:\/\/nicole-knueppel.com\/fr\/wp-json\/wp\/v2\/pages\/987506182\/revisions"}],"wp:attachment":[{"href":"https:\/\/nicole-knueppel.com\/fr\/wp-json\/wp\/v2\/media?parent=987506182"}],"curies":[{"name":"wp","href":"https:\/\/api.w.org\/{rel}","templated":true}]}}